{"id":105,"date":"2026-01-05T18:27:45","date_gmt":"2026-01-06T00:27:45","guid":{"rendered":"https:\/\/paginaejemplo.directorio-comercial.com\/?page_id=8"},"modified":"2026-04-07T19:53:29","modified_gmt":"2026-04-08T01:53:29","slug":"inicio","status":"publish","type":"page","link":"https:\/\/sirlonstokade.directorio-comercial.com\/","title":{"rendered":"Inicio"},"content":{"rendered":"\n<div class=\"wp-block-group alignfull is-content-justification-center is-nowrap is-layout-flex wp-container-core-group-is-layout-9817af40 wp-block-group-is-layout-flex\" style=\"padding-right:0;padding-left:0\">\n<img loading=\"lazy\" decoding=\"async\" width=\"512\" height=\"258\" class=\"gb-media-05b1980a\" alt=\"\" src=\"https:\/\/sirlonstokade.directorio-comercial.com\/wp-content\/uploads\/2026\/04\/LOGO-PAGINA-shirloin-stokade.jpg\" title=\"LOGO PAGINA shirloin stokade\" srcset=\"https:\/\/sirlonstokade.directorio-comercial.com\/wp-content\/uploads\/2026\/04\/LOGO-PAGINA-shirloin-stokade.jpg 512w, https:\/\/sirlonstokade.directorio-comercial.com\/wp-content\/uploads\/2026\/04\/LOGO-PAGINA-shirloin-stokade-300x151.jpg 300w\" sizes=\"auto, (max-width: 512px) 100vw, 512px\" \/>\n<\/div>\n\n\n\n<div class=\"wp-block-group has-global-padding is-layout-constrained wp-block-group-is-layout-constrained\">\n<h2 class=\"gb-text gb-text-9e8a02a2\">Con\u00f3cenos<\/h2>\n\n\n\n<p class=\"gb-text gb-text-e36374c7\">En Sirloin Stockade somos una cadena de restaurantes familiar de estilo americano, fundada en 1966, dedicada a ofrecer una experiencia de comida buffet satisfactoria y accesible.<br>Nos especializamos en cortes de carne, ensaladas, pastas y una gran variedad de platillos, todo en un ambiente c\u00f3modo, seguro y familiar. Nuestro objetivo es que cada visita sea agradable y memorable, brindando a nuestros clientes la oportunidad de disfrutar de \u201ctodo lo que puedan comer\u201d con calidad, sabor y abundancia.<br><\/p>\n<\/div>\n\n\n\n<!--nextpage-->\n\n\n\n<div class=\"wp-block-group has-global-padding is-layout-constrained wp-block-group-is-layout-constrained\" style=\"padding-top:var(--wp--preset--spacing--20)\">\n<div class=\"wp-block-group has-global-padding is-layout-constrained wp-block-group-is-layout-constrained\">\n<h2 class=\"gb-text gb-text-72768a99\">Misi\u00f3n<\/h2>\n\n\n\n<ul class=\"wp-block-list\">\n<li>Ofrecer una amplia variedad de alimentos de calidad, incluyendo cortes de carne, ensaladas y panader\u00eda, bajo un concepto de &#8220;todo lo que puedas comer&#8221;.<\/li>\n\n\n\n<li>Brindar satisfacci\u00f3n al cliente a trav\u00e9s de una excelente relaci\u00f3n precio-valor.<\/li>\n\n\n\n<li>Proporcionar un ambiente familiar, c\u00f3modo y seguro para todos los comensales.&nbsp;<\/li>\n<\/ul>\n<\/div>\n\n\n\n<hr class=\"wp-block-separator has-alpha-channel-opacity\"\/>\n\n\n\n<div class=\"wp-block-group has-global-padding is-layout-constrained wp-block-group-is-layout-constrained\">\n<h2 class=\"gb-text gb-text-2603958f\">Visi\u00f3n<\/h2>\n\n\n\n<ul class=\"wp-block-list\">\n<li>Ser la opci\u00f3n l\u00edder y preferida de buffet familiar tipo americano, manteniendo un sistema exitoso desde 1966.<\/li>\n\n\n\n<li>Mantener el crecimiento de la marca a trav\u00e9s de franquicias rentables y s\u00f3lidas, respaldadas por procesos certificados y capacitaci\u00f3n continua.&nbsp;<\/li>\n<\/ul>\n<\/div>\n\n\n\n<hr class=\"wp-block-separator has-alpha-channel-opacity\"\/>\n\n\n\n<div class=\"wp-block-group has-global-padding is-layout-constrained wp-block-group-is-layout-constrained\">\n<h2 class=\"gb-text gb-text-66b3e1d5\">Objetivo<\/h2>\n\n\n\n<ul class=\"wp-block-list\">\n<li>Satisafacci\u00f3n Familiar: Ofrecer opciones diversas en el buffet que agraden tanto a adultos como a ni\u00f1os (carnes, pizzas, ensaladas, postres).<\/li>\n\n\n\n<li>Accesibilidad y Valor: Mantener precios competitivos que ofrezcan gran valor por el dinero del cliente.<\/li>\n\n\n\n<li>Expansi\u00f3n y Rentabilidad: Desarrollar franquicias exitosas con soporte de marketing y operaci\u00f3n, logrando alta rentabilidad.<\/li>\n\n\n\n<li>Calidad y Servicio: Garantizar que los alimentos, especialmente los cortes de carne, cumplan con altos est\u00e1ndares de calidad.&nbsp;<\/li>\n<\/ul>\n<\/div>\n\n\n\n<hr class=\"wp-block-separator has-alpha-channel-opacity\"\/>\n<\/div>\n\n\n\n<div class=\"wp-block-group has-global-padding is-layout-constrained wp-block-group-is-layout-constrained\">\n<div class=\"alignnormal\"><div id=\"metaslider-id-106\" style=\"width: 100%;\" class=\"ml-slider-3-107-0 metaslider metaslider-flex metaslider-106 ml-slider has-dots-nav ml-slider-lightbox-2-22-0 lightbox-disabled ms-theme-blend\" role=\"region\" aria-label=\"New Slideshow\" data-height=\"800\" data-width=\"750\">\n    <div id=\"metaslider_container_106\">\n        <div id=\"metaslider_106\">\n            <ul aria-live='off' class='slides'>\n                <li style=\"display: block; width: 100%;\" class=\"slide-283 ms-image \" aria-roledescription=\"slide\" data-date=\"2026-04-07 18:47:06\" data-filename=\"616002123_867738992726589_2856878895144224986_n-750x800.jpg\" data-slide-type=\"image\"><img loading=\"lazy\" decoding=\"async\" src=\"https:\/\/sirlonstokade.directorio-comercial.com\/wp-content\/uploads\/2026\/04\/616002123_867738992726589_2856878895144224986_n-750x800.jpg\" height=\"800\" width=\"750\" alt=\"\" class=\"slider-106 slide-283 msDefaultImage\" title=\"616002123_867738992726589_2856878895144224986_n\" \/><\/li>\n                <li style=\"display: none; width: 100%;\" class=\"slide-284 ms-image \" aria-roledescription=\"slide\" data-date=\"2026-04-07 18:47:06\" data-filename=\"616071420_867739402726548_6942522002083106299_n-750x800.jpg\" data-slide-type=\"image\"><img loading=\"lazy\" decoding=\"async\" src=\"https:\/\/sirlonstokade.directorio-comercial.com\/wp-content\/uploads\/2026\/04\/616071420_867739402726548_6942522002083106299_n-750x800.jpg\" height=\"800\" width=\"750\" alt=\"\" class=\"slider-106 slide-284 msDefaultImage\" title=\"616071420_867739402726548_6942522002083106299_n\" \/><\/li>\n                <li style=\"display: none; width: 100%;\" class=\"slide-285 ms-image \" aria-roledescription=\"slide\" data-date=\"2026-04-07 18:47:06\" data-filename=\"616236205_867739012726587_251482264686766028_n-750x800.jpg\" data-slide-type=\"image\"><img loading=\"lazy\" decoding=\"async\" src=\"https:\/\/sirlonstokade.directorio-comercial.com\/wp-content\/uploads\/2026\/04\/616236205_867739012726587_251482264686766028_n-750x800.jpg\" height=\"800\" width=\"750\" alt=\"\" class=\"slider-106 slide-285 msDefaultImage\" title=\"616236205_867739012726587_251482264686766028_n\" \/><\/li>\n                <li style=\"display: none; width: 100%;\" class=\"slide-286 ms-image \" aria-roledescription=\"slide\" data-date=\"2026-04-07 18:47:06\" data-filename=\"616367414_867739046059917_836147286975008534_n-750x800.jpg\" data-slide-type=\"image\"><img loading=\"lazy\" decoding=\"async\" src=\"https:\/\/sirlonstokade.directorio-comercial.com\/wp-content\/uploads\/2026\/04\/616367414_867739046059917_836147286975008534_n-750x800.jpg\" height=\"800\" width=\"750\" alt=\"\" class=\"slider-106 slide-286 msDefaultImage\" title=\"616367414_867739046059917_836147286975008534_n\" \/><\/li>\n                <li style=\"display: none; width: 100%;\" class=\"slide-287 ms-image \" aria-roledescription=\"slide\" data-date=\"2026-04-07 18:47:06\" data-filename=\"616617325_864691499698005_933405894432256402_n-750x800.jpg\" data-slide-type=\"image\"><img loading=\"lazy\" decoding=\"async\" src=\"https:\/\/sirlonstokade.directorio-comercial.com\/wp-content\/uploads\/2026\/04\/616617325_864691499698005_933405894432256402_n-750x800.jpg\" height=\"800\" width=\"750\" alt=\"\" class=\"slider-106 slide-287 msDefaultImage\" title=\"616617325_864691499698005_933405894432256402_n\" \/><\/li>\n                <li style=\"display: none; width: 100%;\" class=\"slide-288 ms-image \" aria-roledescription=\"slide\" data-date=\"2026-04-07 18:47:06\" data-filename=\"616794392_867735919393563_3445563890200092734_n-750x800.jpg\" data-slide-type=\"image\"><img loading=\"lazy\" decoding=\"async\" src=\"https:\/\/sirlonstokade.directorio-comercial.com\/wp-content\/uploads\/2026\/04\/616794392_867735919393563_3445563890200092734_n-750x800.jpg\" height=\"800\" width=\"750\" alt=\"\" class=\"slider-106 slide-288 msDefaultImage\" title=\"616794392_867735919393563_3445563890200092734_n\" \/><\/li>\n                <li style=\"display: none; width: 100%;\" class=\"slide-289 ms-image \" aria-roledescription=\"slide\" data-date=\"2026-04-07 18:47:06\" data-filename=\"625845989_880903911410097_6542201546475864168_n-750x800.jpg\" data-slide-type=\"image\"><img loading=\"lazy\" decoding=\"async\" src=\"https:\/\/sirlonstokade.directorio-comercial.com\/wp-content\/uploads\/2026\/04\/625845989_880903911410097_6542201546475864168_n-750x800.jpg\" height=\"800\" width=\"750\" alt=\"\" class=\"slider-106 slide-289 msDefaultImage\" title=\"625845989_880903911410097_6542201546475864168_n\" \/><\/li>\n                <li style=\"display: none; width: 100%;\" class=\"slide-290 ms-image \" aria-roledescription=\"slide\" data-date=\"2026-04-07 18:47:06\" data-filename=\"626032758_880889584744863_5150222720057524403_n-750x800.jpg\" data-slide-type=\"image\"><img loading=\"lazy\" decoding=\"async\" src=\"https:\/\/sirlonstokade.directorio-comercial.com\/wp-content\/uploads\/2026\/04\/626032758_880889584744863_5150222720057524403_n-750x800.jpg\" height=\"800\" width=\"750\" alt=\"\" class=\"slider-106 slide-290 msDefaultImage\" title=\"626032758_880889584744863_5150222720057524403_n\" \/><\/li>\n            <\/ul>\n        <\/div>\n        \n    <\/div>\n<\/div><\/div>\n<\/div>\n\n\n\n<div class=\"wp-block-group has-global-padding is-layout-constrained wp-block-group-is-layout-constrained\">\n<h2 class=\"gb-text gb-text-445900bc\">Nuestros valores<\/h2>\n\n\n\n<ul class=\"wp-block-list\">\n<li>Calidad: Ofrecemos alimentos frescos y bien preparados en cada platillo.<\/li>\n\n\n\n<li>Servicio: Atenci\u00f3n amable y cercana para todos nuestros clientes.<\/li>\n\n\n\n<li>Accesibilidad: Precios justos para que todos puedan disfrutar de nuestra comida.<\/li>\n\n\n\n<li>Familia: Fomentamos un ambiente c\u00f3modo y seguro para grandes y chicos.<\/li>\n\n\n\n<li>Variedad: Buffet con m\u00faltiples opciones para satisfacer todos los gustos.<\/li>\n\n\n\n<li>Compromiso: Nos esforzamos por brindar siempre una experiencia agradable y memorable.<\/li>\n<\/ul>\n<\/div>\n\n\n\n<!--nextpage-->\n\n\n\n<div class=\"wp-block-group has-global-padding is-layout-constrained wp-block-group-is-layout-constrained\" style=\"padding-top:var(--wp--preset--spacing--20)\">\n<h2 class=\"gb-text gb-text-5dff42df\">Ven y Con\u00f3cenos<\/h2>\n\n\n\n<div class=\"wp-block-group is-content-justification-center is-nowrap is-layout-flex wp-container-core-group-is-layout-23441af8 wp-block-group-is-layout-flex\">\n<iframe src=\"https:\/\/www.google.com\/maps\/embed?pb=!1m18!1m12!1m3!1d3701.5747762122733!2d-102.29549911808112!3d21.91244439769047!2m3!1f0!2f0!3f0!3m2!1i1024!2i768!4f13.1!3m3!1m2!1s0x8429ee515226b16f%3A0x1692314bb03c7f3f!2sCentro%20Comercial%20Agropecuario!5e0!3m2!1ses!2smx!4v1769586486079!5m2!1ses!2smx\" width=\"370\" height=\"370\" style=\"border:0;\" allowfullscreen=\"\" loading=\"lazy\" referrerpolicy=\"no-referrer-when-downgrade\"><\/iframe>\n<\/div>\n<\/div>\n","protected":false},"excerpt":{"rendered":"<p>Con\u00f3cenos En Sirloin Stockade somos una cadena de restaurantes familiar de estilo americano, fundada en 1966, dedicada a ofrecer una experiencia de comida buffet satisfactoria y accesible.Nos especializamos en cortes de carne, ensaladas, pastas y una gran variedad de platillos, todo en un ambiente c\u00f3modo, seguro y familiar. Nuestro objetivo es que cada visita sea [&hellip;]<\/p>\n","protected":false},"author":1,"featured_media":0,"parent":0,"menu_order":0,"comment_status":"closed","ping_status":"closed","template":"page-no-title","meta":{"_acf_changed":false,"footnotes":""},"class_list":["post-105","page","type-page","status-publish","hentry"],"acf":[],"_links":{"self":[{"href":"https:\/\/sirlonstokade.directorio-comercial.com\/index.php?rest_route=\/wp\/v2\/pages\/105","targetHints":{"allow":["GET"]}}],"collection":[{"href":"https:\/\/sirlonstokade.directorio-comercial.com\/index.php?rest_route=\/wp\/v2\/pages"}],"about":[{"href":"https:\/\/sirlonstokade.directorio-comercial.com\/index.php?rest_route=\/wp\/v2\/types\/page"}],"author":[{"embeddable":true,"href":"https:\/\/sirlonstokade.directorio-comercial.com\/index.php?rest_route=\/wp\/v2\/users\/1"}],"replies":[{"embeddable":true,"href":"https:\/\/sirlonstokade.directorio-comercial.com\/index.php?rest_route=%2Fwp%2Fv2%2Fcomments&post=105"}],"version-history":[{"count":5,"href":"https:\/\/sirlonstokade.directorio-comercial.com\/index.php?rest_route=\/wp\/v2\/pages\/105\/revisions"}],"predecessor-version":[{"id":301,"href":"https:\/\/sirlonstokade.directorio-comercial.com\/index.php?rest_route=\/wp\/v2\/pages\/105\/revisions\/301"}],"wp:attachment":[{"href":"https:\/\/sirlonstokade.directorio-comercial.com\/index.php?rest_route=%2Fwp%2Fv2%2Fmedia&parent=105"}],"curies":[{"name":"wp","href":"https:\/\/api.w.org\/{rel}","templated":true}]}}